{"id":7826,"date":"2024-09-27T09:55:29","date_gmt":"2024-09-27T07:55:29","guid":{"rendered":"https:\/\/www.src.si\/piskotki\/"},"modified":"2025-06-09T10:12:53","modified_gmt":"2025-06-09T08:12:53","slug":"cookies","status":"publish","type":"page","link":"https:\/\/www.src.si\/en\/cookies\/","title":{"rendered":"Cookies"},"content":{"rendered":"\t\t<div data-elementor-type=\"wp-page\" data-elementor-id=\"7826\" class=\"elementor elementor-7826 elementor-1994\" data-elementor-post-type=\"page\">\n\t\t\t\t<div class=\"elementor-element elementor-element-8df45e9 e-flex e-con-boxed e-con e-parent\" data-id=\"8df45e9\" data-element_type=\"container\" data-e-type=\"container\">\n\t\t\t\t\t<div class=\"e-con-inner\">\n\t\t<div class=\"elementor-element elementor-element-3970e8c e-con-full e-flex e-con e-child\" data-id=\"3970e8c\" data-element_type=\"container\" data-e-type=\"container\" data-settings=\"{&quot;background_background&quot;:&quot;gradient&quot;}\">\n\t\t\t\t<div class=\"elementor-element elementor-element-2d6d7d3 elementor-widget__width-auto elementor-widget elementor-widget-heading\" data-id=\"2d6d7d3\" data-element_type=\"widget\" data-e-type=\"widget\" data-widget_type=\"heading.default\">\n\t\t\t\t\t<h1 class=\"elementor-heading-title elementor-size-default\">Cookies<\/h1>\t\t\t\t<\/div>\n\t\t\t\t<div class=\"elementor-element elementor-element-72b35ac elementor-widget__width-initial elementor-widget elementor-widget-text-editor\" data-id=\"72b35ac\" data-element_type=\"widget\" data-e-type=\"widget\" data-widget_type=\"text-editor.default\">\n\t\t\t\t\t\t\t\t\t<p>To optimize the website in terms of system efficiency, usability and providing useful information about SRC d.o.o. services, SRC d.o.o. automatically collects and stores information in log files on the user&#8217;s computer. This includes the user&#8217;s Internet Protocol (IP) address, browser type and language setting, operating system, Internet Service Provider (ISP), and date\/time of visit.<\/p>\t\t\t\t\t\t\t\t<\/div>\n\t\t\t\t<\/div>\n\t\t\t\t\t<\/div>\n\t\t\t\t<\/div>\n\t\t<div class=\"elementor-element elementor-element-5e0bb40 e-flex e-con-boxed e-con e-parent\" data-id=\"5e0bb40\" data-element_type=\"container\" data-e-type=\"container\">\n\t\t\t\t\t<div class=\"e-con-inner\">\n\t\t\t\t<div class=\"elementor-element elementor-element-1488acb elementor-widget elementor-widget-text-editor\" data-id=\"1488acb\" data-element_type=\"widget\" data-e-type=\"widget\" data-widget_type=\"text-editor.default\">\n\t\t\t\t\t\t\t\t\t<p>This data is used by SRC d.o.o. to effectively manage the website, to learn more about user behavior across the entire website, to analyze trends, and to collect demographic information about users in a comprehensive manner. The collected data may be used for marketing and advertising services and for communication (for example, to optimize and improve the user experience, providing more attractive offers and services).<\/p><p>\u00a0<\/p><p>In the case of using data that is not personal data together with personal data, such data is treated as personal data as long as it is combined.<\/p><p>\u00a0<\/p><p>The privacy statement in these terms and conditions also applies to data collected using cookies and other comparable techniques.<\/p>\t\t\t\t\t\t\t\t<\/div>\n\t\t\t\t\t<\/div>\n\t\t\t\t<\/div>\n\t\t<div class=\"elementor-element elementor-element-3e0882d e-flex e-con-boxed e-con e-parent\" data-id=\"3e0882d\" data-element_type=\"container\" data-e-type=\"container\">\n\t\t\t\t\t<div class=\"e-con-inner\">\n\t\t\t\t<div class=\"elementor-element elementor-element-714a502 elementor-widget elementor-widget-heading\" data-id=\"714a502\" data-element_type=\"widget\" data-e-type=\"widget\" data-widget_type=\"heading.default\">\n\t\t\t\t\t<h2 class=\"elementor-heading-title elementor-size-default\">What is a \"Cookie\"?<\/h2>\t\t\t\t<\/div>\n\t\t\t\t<div class=\"elementor-element elementor-element-72336e7 elementor-widget elementor-widget-text-editor\" data-id=\"72336e7\" data-element_type=\"widget\" data-e-type=\"widget\" data-widget_type=\"text-editor.default\">\n\t\t\t\t\t\t\t\t\t<p>Websites, e-mails, online services, advertising and interactive applications may use so-called cookies to optimize services.<\/p><p>\u00a0<\/p><p>A cookie is a small file, usually containing a sequence of letters and numbers, that is downloaded to the user&#8217;s terminal equipment (computer, mobile device and the like; in these conditions generally referred to as: computer) when the user visits the SRC d.o.o. website (sent from its SRC d.o.o. web server to the browser&#8217;s cookie file on the user&#8217;s computer&#8217;s hard drive). For example, this allows the SRC d.o.o. website to recognize the user&#8217;s device when a connection is established between the web server and the web browser. The main purpose of a cookie is to enable the web server to present the user with customized web pages that make the experience of visiting the SRC d.o.o. website more personal and better responsive to the user&#8217;s individual needs. Cookies are also used to allow SRC d.o.o. learn more about how users use its websites, and also help improve the user&#8217;s experience when they visit websites.<\/p>\t\t\t\t\t\t\t\t<\/div>\n\t\t\t\t\t<\/div>\n\t\t\t\t<\/div>\n\t\t<div class=\"elementor-element elementor-element-bc8a9d0 e-flex e-con-boxed e-con e-parent\" data-id=\"bc8a9d0\" data-element_type=\"container\" data-e-type=\"container\">\n\t\t\t\t\t<div class=\"e-con-inner\">\n\t\t\t\t<div class=\"elementor-element elementor-element-48b653e elementor-widget elementor-widget-heading\" data-id=\"48b653e\" data-element_type=\"widget\" data-e-type=\"widget\" data-widget_type=\"heading.default\">\n\t\t\t\t\t<h2 class=\"elementor-heading-title elementor-size-default\">What cookies do we use?<\/h2>\t\t\t\t<\/div>\n\t\t\t\t<div class=\"elementor-element elementor-element-7340bb0 elementor-widget elementor-widget-text-editor\" data-id=\"7340bb0\" data-element_type=\"widget\" data-e-type=\"widget\" data-widget_type=\"text-editor.default\">\n\t\t\t\t\t\t\t\t\t<p>SRC d.o.o. may use the following types of cookies on its websites:<\/p><p>\u00a0<\/p><p>temporary or session cookies (session cookies): these are temporary cookies that are stored in the cookie file of the user&#8217;s browser until the end of their browser visit (for the duration of the browsing session and are deleted at the end of the session). These cookies are required for the proper functioning of certain applications or functionalities on the SRC d.o.o. websites;<\/p><p>\u00a0<\/p><p>permanent or stored cookies (persistent cookies): SRC d.o.o. may use permanent cookies to improve the user experience (e.g. to store information about registration, page language settings, etc.). These cookies remain in the user&#8217;s browser&#8217;s cookie file for a longer period of time until they are deleted. This period of time depends on the choice made by the user in the settings of their Internet browser. Permanent cookies allow information to be transferred to the web server each time someone visits the website. Permanent cookies are also known as tracking cookies;<\/p><p>\u00a0<\/p><p>First-party cookies (1st party cookies) are from the SRC d.o.o. website that the user is viewing, and can be permanent or temporary. Websites use these cookies to store information that will be used again the next time the user visits that site;<\/p><p>\u00a0<\/p><p>More information about cookies can be found online, for example on the website: <a href=\"http:\/\/www.allaboutcookies.org\">http:\/\/www.allaboutcookies.org<\/a><\/p><p>\u00a0<\/p><p>When the user&#8217;s consent is required for the use or installation of cookies, SRC d.o.o. obtains the user&#8217;s consent before using them or before downloading them to the user&#8217;s device (computer).<\/p>\t\t\t\t\t\t\t\t<\/div>\n\t\t\t\t\t<\/div>\n\t\t\t\t<\/div>\n\t\t<div class=\"elementor-element elementor-element-dd1c11f e-flex e-con-boxed e-con e-parent\" data-id=\"dd1c11f\" data-element_type=\"container\" data-e-type=\"container\">\n\t\t\t\t\t<div class=\"e-con-inner\">\n\t\t\t\t<div class=\"elementor-element elementor-element-073bd91 elementor-widget elementor-widget-heading\" data-id=\"073bd91\" data-element_type=\"widget\" data-e-type=\"widget\" data-widget_type=\"heading.default\">\n\t\t\t\t\t<h2 class=\"elementor-heading-title elementor-size-default\">Enabling and disabling cookies and the like<\/h2>\t\t\t\t<\/div>\n\t\t\t\t<div class=\"elementor-element elementor-element-7acf731 elementor-widget elementor-widget-text-editor\" data-id=\"7acf731\" data-element_type=\"widget\" data-e-type=\"widget\" data-widget_type=\"text-editor.default\">\n\t\t\t\t\t\t\t\t\t<p>SRC d.o.o. The user is allowed to accept or reject all cookies on all visited websites, taking into account that most browsers automatically accept cookies; or to block their use by changing the settings in their Internet browser. For example, if using Internet Explorer 8.0, they must perform the following steps: 1. select Tools and then Internet Options 2. click on the Privacy tab 3. use the slider to select the desired setting. For other Internet browsers, if they want to change browser settings or delete cookies, the user should follow the instructions of the specific browser.<\/p><p>\u00a0<\/p><p>If cookies are disabled, some functions and full functionality of the websites will no longer be available or will not work properly.<\/p>\t\t\t\t\t\t\t\t<\/div>\n\t\t\t\t\t<\/div>\n\t\t\t\t<\/div>\n\t\t<div class=\"elementor-element elementor-element-0120281 e-flex e-con-boxed e-con e-parent\" data-id=\"0120281\" data-element_type=\"container\" data-e-type=\"container\">\n\t\t\t\t\t<div class=\"e-con-inner\">\n\t\t\t\t<div class=\"elementor-element elementor-element-af16377 elementor-widget elementor-widget-heading\" data-id=\"af16377\" data-element_type=\"widget\" data-e-type=\"widget\" data-widget_type=\"heading.default\">\n\t\t\t\t\t<h2 class=\"elementor-heading-title elementor-size-default\">Complaints or information<\/h2>\t\t\t\t<\/div>\n\t\t\t\t<div class=\"elementor-element elementor-element-10c41f7 elementor-widget elementor-widget-text-editor\" data-id=\"10c41f7\" data-element_type=\"widget\" data-e-type=\"widget\" data-widget_type=\"text-editor.default\">\n\t\t\t\t\t\t\t\t\t<p>You can write to us at the following email address: src@src.si<\/p>\t\t\t\t\t\t\t\t<\/div>\n\t\t\t\t\t<\/div>\n\t\t\t\t<\/div>\n\t\t<div class=\"elementor-element elementor-element-661201b e-flex e-con-boxed e-con e-parent\" data-id=\"661201b\" data-element_type=\"container\" data-e-type=\"container\">\n\t\t\t\t\t<div class=\"e-con-inner\">\n\t\t\t\t<div class=\"elementor-element elementor-element-85b7cae elementor-widget elementor-widget-text-editor\" data-id=\"85b7cae\" data-element_type=\"widget\" data-e-type=\"widget\" data-widget_type=\"text-editor.default\">\n\t\t\t\t\t\t\t\t\tSRC d.o.o., published 09.06.2025\t\t\t\t\t\t\t\t<\/div>\n\t\t\t\t\t<\/div>\n\t\t\t\t<\/div>\n\t\t\t\t<\/div>\n\t\t","protected":false},"excerpt":{"rendered":"<p>To optimize the website in terms of system efficiency, usability and providing useful information about SRC d.o.o. services, SRC d.o.o. automatically collects and stores information in log files on the user&#8217;s computer. This includes the user&#8217;s Internet Protocol (IP) address, browser type and language setting, operating system, Internet Service Provider (ISP), and date\/time of visit. [&hellip;]<\/p>\n","protected":false},"author":1,"featured_media":0,"parent":0,"menu_order":0,"comment_status":"closed","ping_status":"closed","template":"elementor_header_footer","meta":{"_acf_changed":false,"iawp_total_views":21,"footnotes":""},"class_list":["post-7826","page","type-page","status-publish","hentry"],"acf":[],"yoast_head":"<!-- This site is optimized with the Yoast SEO plugin v27.4 - https:\/\/yoast.com\/product\/yoast-seo-wordpress\/ -->\n<title>Cookies - Ra\u010dunalni\u0161ko podjetje SRC<\/title>\n<meta name=\"robots\" content=\"index, follow, max-snippet:-1, max-image-preview:large, max-video-preview:-1\" \/>\n<link rel=\"canonical\" href=\"https:\/\/www.src.si\/en\/cookies\/\" \/>\n<meta property=\"og:locale\" content=\"en_US\" \/>\n<meta property=\"og:type\" content=\"article\" \/>\n<meta property=\"og:title\" content=\"Cookies - Ra\u010dunalni\u0161ko podjetje SRC\" \/>\n<meta property=\"og:description\" content=\"To optimize the website in terms of system efficiency, usability and providing useful information about SRC d.o.o. services, SRC d.o.o. automatically collects and stores information in log files on the user&#8217;s computer. This includes the user&#8217;s Internet Protocol (IP) address, browser type and language setting, operating system, Internet Service Provider (ISP), and date\/time of visit. [&hellip;]\" \/>\n<meta property=\"og:url\" content=\"https:\/\/www.src.si\/en\/cookies\/\" \/>\n<meta property=\"og:site_name\" content=\"Ra\u010dunalni\u0161ko podjetje SRC\" \/>\n<meta property=\"article:publisher\" content=\"https:\/\/www.facebook.com\/srcsi\" \/>\n<meta property=\"article:modified_time\" content=\"2025-06-09T08:12:53+00:00\" \/>\n<meta property=\"og:image\" content=\"https:\/\/www.src.si\/wp-content\/uploads\/2024\/02\/SRClogoLightBlue.png\" \/>\n\t<meta property=\"og:image:width\" content=\"1000\" \/>\n\t<meta property=\"og:image:height\" content=\"519\" \/>\n\t<meta property=\"og:image:type\" content=\"image\/png\" \/>\n<meta name=\"twitter:card\" content=\"summary_large_image\" \/>\n<meta name=\"twitter:label1\" content=\"Est. reading time\" \/>\n\t<meta name=\"twitter:data1\" content=\"4 minutes\" \/>\n<script type=\"application\/ld+json\" class=\"yoast-schema-graph\">{\"@context\":\"https:\\\/\\\/schema.org\",\"@graph\":[{\"@type\":\"WebPage\",\"@id\":\"https:\\\/\\\/www.src.si\\\/en\\\/cookies\\\/\",\"url\":\"https:\\\/\\\/www.src.si\\\/en\\\/cookies\\\/\",\"name\":\"Cookies - Ra\u010dunalni\u0161ko podjetje SRC\",\"isPartOf\":{\"@id\":\"https:\\\/\\\/www.src.si\\\/en\\\/#website\"},\"datePublished\":\"2024-09-27T07:55:29+00:00\",\"dateModified\":\"2025-06-09T08:12:53+00:00\",\"breadcrumb\":{\"@id\":\"https:\\\/\\\/www.src.si\\\/en\\\/cookies\\\/#breadcrumb\"},\"inLanguage\":\"en-US\",\"potentialAction\":[{\"@type\":\"ReadAction\",\"target\":[\"https:\\\/\\\/www.src.si\\\/en\\\/cookies\\\/\"]}]},{\"@type\":\"BreadcrumbList\",\"@id\":\"https:\\\/\\\/www.src.si\\\/en\\\/cookies\\\/#breadcrumb\",\"itemListElement\":[{\"@type\":\"ListItem\",\"position\":1,\"name\":\"Home\",\"item\":\"https:\\\/\\\/www.src.si\\\/en\\\/\"},{\"@type\":\"ListItem\",\"position\":2,\"name\":\"Cookies\"}]},{\"@type\":\"WebSite\",\"@id\":\"https:\\\/\\\/www.src.si\\\/en\\\/#website\",\"url\":\"https:\\\/\\\/www.src.si\\\/en\\\/\",\"name\":\"Ra\u010dunalni\u0161ko podjetje SRC\",\"description\":\"Digitaliziramo in avtomatiziramo va\u0161e poslovne procese. Povezujemo opremo in sisteme. Razvijamo nove storitve. Dobavimo, vzpostavimo in vzdr\u017eujemo.\",\"publisher\":{\"@id\":\"https:\\\/\\\/www.src.si\\\/en\\\/#organization\"},\"potentialAction\":[{\"@type\":\"SearchAction\",\"target\":{\"@type\":\"EntryPoint\",\"urlTemplate\":\"https:\\\/\\\/www.src.si\\\/en\\\/?s={search_term_string}\"},\"query-input\":{\"@type\":\"PropertyValueSpecification\",\"valueRequired\":true,\"valueName\":\"search_term_string\"}}],\"inLanguage\":\"en-US\"},{\"@type\":\"Organization\",\"@id\":\"https:\\\/\\\/www.src.si\\\/en\\\/#organization\",\"name\":\"SRC d.o.o.\",\"alternateName\":\"SRC\",\"url\":\"https:\\\/\\\/www.src.si\\\/en\\\/\",\"logo\":{\"@type\":\"ImageObject\",\"inLanguage\":\"en-US\",\"@id\":\"https:\\\/\\\/www.src.si\\\/en\\\/#\\\/schema\\\/logo\\\/image\\\/\",\"url\":\"https:\\\/\\\/www.src.si\\\/wp-content\\\/uploads\\\/2024\\\/02\\\/SRClogoLightBlue.png\",\"contentUrl\":\"https:\\\/\\\/www.src.si\\\/wp-content\\\/uploads\\\/2024\\\/02\\\/SRClogoLightBlue.png\",\"width\":1000,\"height\":519,\"caption\":\"SRC d.o.o.\"},\"image\":{\"@id\":\"https:\\\/\\\/www.src.si\\\/en\\\/#\\\/schema\\\/logo\\\/image\\\/\"},\"sameAs\":[\"https:\\\/\\\/www.facebook.com\\\/srcsi\"]}]}<\/script>\n<!-- \/ Yoast SEO plugin. -->","yoast_head_json":{"title":"Cookies - Ra\u010dunalni\u0161ko podjetje SRC","robots":{"index":"index","follow":"follow","max-snippet":"max-snippet:-1","max-image-preview":"max-image-preview:large","max-video-preview":"max-video-preview:-1"},"canonical":"https:\/\/www.src.si\/en\/cookies\/","og_locale":"en_US","og_type":"article","og_title":"Cookies - Ra\u010dunalni\u0161ko podjetje SRC","og_description":"To optimize the website in terms of system efficiency, usability and providing useful information about SRC d.o.o. services, SRC d.o.o. automatically collects and stores information in log files on the user&#8217;s computer. This includes the user&#8217;s Internet Protocol (IP) address, browser type and language setting, operating system, Internet Service Provider (ISP), and date\/time of visit. [&hellip;]","og_url":"https:\/\/www.src.si\/en\/cookies\/","og_site_name":"Ra\u010dunalni\u0161ko podjetje SRC","article_publisher":"https:\/\/www.facebook.com\/srcsi","article_modified_time":"2025-06-09T08:12:53+00:00","og_image":[{"width":1000,"height":519,"url":"https:\/\/www.src.si\/wp-content\/uploads\/2024\/02\/SRClogoLightBlue.png","type":"image\/png"}],"twitter_card":"summary_large_image","twitter_misc":{"Est. reading time":"4 minutes"},"schema":{"@context":"https:\/\/schema.org","@graph":[{"@type":"WebPage","@id":"https:\/\/www.src.si\/en\/cookies\/","url":"https:\/\/www.src.si\/en\/cookies\/","name":"Cookies - Ra\u010dunalni\u0161ko podjetje SRC","isPartOf":{"@id":"https:\/\/www.src.si\/en\/#website"},"datePublished":"2024-09-27T07:55:29+00:00","dateModified":"2025-06-09T08:12:53+00:00","breadcrumb":{"@id":"https:\/\/www.src.si\/en\/cookies\/#breadcrumb"},"inLanguage":"en-US","potentialAction":[{"@type":"ReadAction","target":["https:\/\/www.src.si\/en\/cookies\/"]}]},{"@type":"BreadcrumbList","@id":"https:\/\/www.src.si\/en\/cookies\/#breadcrumb","itemListElement":[{"@type":"ListItem","position":1,"name":"Home","item":"https:\/\/www.src.si\/en\/"},{"@type":"ListItem","position":2,"name":"Cookies"}]},{"@type":"WebSite","@id":"https:\/\/www.src.si\/en\/#website","url":"https:\/\/www.src.si\/en\/","name":"Ra\u010dunalni\u0161ko podjetje SRC","description":"Digitaliziramo in avtomatiziramo va\u0161e poslovne procese. Povezujemo opremo in sisteme. Razvijamo nove storitve. Dobavimo, vzpostavimo in vzdr\u017eujemo.","publisher":{"@id":"https:\/\/www.src.si\/en\/#organization"},"potentialAction":[{"@type":"SearchAction","target":{"@type":"EntryPoint","urlTemplate":"https:\/\/www.src.si\/en\/?s={search_term_string}"},"query-input":{"@type":"PropertyValueSpecification","valueRequired":true,"valueName":"search_term_string"}}],"inLanguage":"en-US"},{"@type":"Organization","@id":"https:\/\/www.src.si\/en\/#organization","name":"SRC d.o.o.","alternateName":"SRC","url":"https:\/\/www.src.si\/en\/","logo":{"@type":"ImageObject","inLanguage":"en-US","@id":"https:\/\/www.src.si\/en\/#\/schema\/logo\/image\/","url":"https:\/\/www.src.si\/wp-content\/uploads\/2024\/02\/SRClogoLightBlue.png","contentUrl":"https:\/\/www.src.si\/wp-content\/uploads\/2024\/02\/SRClogoLightBlue.png","width":1000,"height":519,"caption":"SRC d.o.o."},"image":{"@id":"https:\/\/www.src.si\/en\/#\/schema\/logo\/image\/"},"sameAs":["https:\/\/www.facebook.com\/srcsi"]}]}},"_links":{"self":[{"href":"https:\/\/www.src.si\/en\/wp-json\/wp\/v2\/pages\/7826","targetHints":{"allow":["GET"]}}],"collection":[{"href":"https:\/\/www.src.si\/en\/wp-json\/wp\/v2\/pages"}],"about":[{"href":"https:\/\/www.src.si\/en\/wp-json\/wp\/v2\/types\/page"}],"author":[{"embeddable":true,"href":"https:\/\/www.src.si\/en\/wp-json\/wp\/v2\/users\/1"}],"replies":[{"embeddable":true,"href":"https:\/\/www.src.si\/en\/wp-json\/wp\/v2\/comments?post=7826"}],"version-history":[{"count":4,"href":"https:\/\/www.src.si\/en\/wp-json\/wp\/v2\/pages\/7826\/revisions"}],"predecessor-version":[{"id":7830,"href":"https:\/\/www.src.si\/en\/wp-json\/wp\/v2\/pages\/7826\/revisions\/7830"}],"wp:attachment":[{"href":"https:\/\/www.src.si\/en\/wp-json\/wp\/v2\/media?parent=7826"}],"curies":[{"name":"wp","href":"https:\/\/api.w.org\/{rel}","templated":true}]}}