{"id":7819,"date":"2024-09-27T09:23:58","date_gmt":"2024-09-27T07:23:58","guid":{"rendered":"https:\/\/www.src.si\/legal\/"},"modified":"2024-09-27T09:23:58","modified_gmt":"2024-09-27T07:23:58","slug":"legal","status":"publish","type":"page","link":"https:\/\/www.src.si\/sr\/legal\/","title":{"rendered":"Legal notice"},"content":{"rendered":"\t\t<div data-elementor-type=\"wp-page\" data-elementor-id=\"7819\" class=\"elementor elementor-7819 elementor-1979\" data-elementor-post-type=\"page\">\n\t\t\t\t<div class=\"elementor-element elementor-element-8df45e9 e-flex e-con-boxed e-con e-parent\" data-id=\"8df45e9\" data-element_type=\"container\" data-e-type=\"container\">\n\t\t\t\t\t<div class=\"e-con-inner\">\n\t\t<div class=\"elementor-element elementor-element-3970e8c e-con-full e-flex e-con e-child\" data-id=\"3970e8c\" data-element_type=\"container\" data-e-type=\"container\" data-settings=\"{&quot;background_background&quot;:&quot;gradient&quot;}\">\n\t\t\t\t<div class=\"elementor-element elementor-element-2d6d7d3 elementor-widget__width-auto elementor-widget elementor-widget-heading\" data-id=\"2d6d7d3\" data-element_type=\"widget\" data-e-type=\"widget\" data-widget_type=\"heading.default\">\n\t\t\t\t\t<h1 class=\"elementor-heading-title elementor-size-default\">Legal notice<\/h1>\t\t\t\t<\/div>\n\t\t\t\t<div class=\"elementor-element elementor-element-72b35ac elementor-widget__width-initial elementor-widget elementor-widget-text-editor\" data-id=\"72b35ac\" data-element_type=\"widget\" data-e-type=\"widget\" data-widget_type=\"text-editor.default\">\n\t\t\t\t\t\t\t\t\t<p>Welcome to the website of SRC sistemske integracije d.o.o.<\/p><p>\u00a0<\/p><p>The website was created with the purpose of informing the general public about the company, its products and services. As a visitor to our website, we ask that you comply with the terms and conditions listed below.<\/p><p>\u00a0<\/p><p>By viewing or using this website, you confirm that you have read, understood, agreed to and fully accepted the terms and conditions.<\/p>\t\t\t\t\t\t\t\t<\/div>\n\t\t\t\t<\/div>\n\t\t\t\t\t<\/div>\n\t\t\t\t<\/div>\n\t\t<div class=\"elementor-element elementor-element-5e0bb40 e-flex e-con-boxed e-con e-parent\" data-id=\"5e0bb40\" data-element_type=\"container\" data-e-type=\"container\">\n\t\t\t\t\t<div class=\"e-con-inner\">\n\t\t\t\t<div class=\"elementor-element elementor-element-1338167 elementor-widget elementor-widget-heading\" data-id=\"1338167\" data-element_type=\"widget\" data-e-type=\"widget\" data-widget_type=\"heading.default\">\n\t\t\t\t\t<h2 class=\"elementor-heading-title elementor-size-default\">Information<\/h2>\t\t\t\t<\/div>\n\t\t\t\t<div class=\"elementor-element elementor-element-1488acb elementor-widget elementor-widget-text-editor\" data-id=\"1488acb\" data-element_type=\"widget\" data-e-type=\"widget\" data-widget_type=\"text-editor.default\">\n\t\t\t\t\t\t\t\t\t<p>The owner of the website will use due diligence to ensure the accuracy and up-to-dateness of the information. At the same time, he reserves the right to change the content of the website and\/or cease updating it at any time, without any prior notice and assumes no responsibility for updating the website. SRC may also change the products, services or programs described on this website at any time and without any notice.<\/p>\t\t\t\t\t\t\t\t<\/div>\n\t\t\t\t\t<\/div>\n\t\t\t\t<\/div>\n\t\t<div class=\"elementor-element elementor-element-3e0882d e-flex e-con-boxed e-con e-parent\" data-id=\"3e0882d\" data-element_type=\"container\" data-e-type=\"container\">\n\t\t\t\t\t<div class=\"e-con-inner\">\n\t\t\t\t<div class=\"elementor-element elementor-element-714a502 elementor-widget elementor-widget-heading\" data-id=\"714a502\" data-element_type=\"widget\" data-e-type=\"widget\" data-widget_type=\"heading.default\">\n\t\t\t\t\t<h2 class=\"elementor-heading-title elementor-size-default\">Trademarks<\/h2>\t\t\t\t<\/div>\n\t\t\t\t<div class=\"elementor-element elementor-element-72336e7 elementor-widget elementor-widget-text-editor\" data-id=\"72336e7\" data-element_type=\"widget\" data-e-type=\"widget\" data-widget_type=\"text-editor.default\">\n\t\t\t\t\t\t\t\t\t<p>All trademarks on the website are protected unless otherwise specified by the website owner. This also includes all of the owner&#8217;s logos (product logos and corporate logos) and signs. The use of trademarks is permitted only with the prior permission of the website owner.<\/p>\t\t\t\t\t\t\t\t<\/div>\n\t\t\t\t\t<\/div>\n\t\t\t\t<\/div>\n\t\t<div class=\"elementor-element elementor-element-7554ad2 e-flex e-con-boxed e-con e-parent\" data-id=\"7554ad2\" data-element_type=\"container\" data-e-type=\"container\">\n\t\t\t\t\t<div class=\"e-con-inner\">\n\t\t\t\t<div class=\"elementor-element elementor-element-78b5033 elementor-widget elementor-widget-heading\" data-id=\"78b5033\" data-element_type=\"widget\" data-e-type=\"widget\" data-widget_type=\"heading.default\">\n\t\t\t\t\t<h2 class=\"elementor-heading-title elementor-size-default\">Limitations of liability<\/h2>\t\t\t\t<\/div>\n\t\t\t\t<div class=\"elementor-element elementor-element-5d3218a elementor-widget elementor-widget-text-editor\" data-id=\"5d3218a\" data-element_type=\"widget\" data-e-type=\"widget\" data-widget_type=\"text-editor.default\">\n\t\t\t\t\t\t\t\t\t<p>All texts, images and other content displayed on the website have been selected and edited by the owner of the website and are for informational purposes only. Despite their informative nature, the owner, in the event that you wish to cooperate with him on a business level, is not responsible for the accuracy and correctness of the stated data and for typographical errors.<\/p><p>\u00a0<\/p><p>Except for direct damage resulting from the owner&#8217;s intentional deception or resulting from the owner&#8217;s negligence, the owner or any other legal or natural person who participated in the creation of this website is not responsible for any indirect, direct, special or incidental damage resulting from the visitor&#8217;s misunderstanding of the contents of the website.<\/p><p>\u00a0<\/p><p>The intellectual property on the website, including patents, trademarks and copyrights, is protected. The website and its entire contents may not be copied, reproduced, republished, uploaded to a remote computer, published, transmitted, distributed or used to create derivative works without the prior official permission of the website owner.<\/p>\t\t\t\t\t\t\t\t<\/div>\n\t\t\t\t\t<\/div>\n\t\t\t\t<\/div>\n\t\t<div class=\"elementor-element elementor-element-bc8a9d0 e-flex e-con-boxed e-con e-parent\" data-id=\"bc8a9d0\" data-element_type=\"container\" data-e-type=\"container\">\n\t\t\t\t\t<div class=\"e-con-inner\">\n\t\t\t\t<div class=\"elementor-element elementor-element-48b653e elementor-widget elementor-widget-heading\" data-id=\"48b653e\" data-element_type=\"widget\" data-e-type=\"widget\" data-widget_type=\"heading.default\">\n\t\t\t\t\t<h2 class=\"elementor-heading-title elementor-size-default\">Business relationship<\/h2>\t\t\t\t<\/div>\n\t\t\t\t<div class=\"elementor-element elementor-element-7340bb0 elementor-widget elementor-widget-text-editor\" data-id=\"7340bb0\" data-element_type=\"widget\" data-e-type=\"widget\" data-widget_type=\"text-editor.default\">\n\t\t\t\t\t\t\t\t\t<p>These websites may contain links or references to third party websites, resources and information. However, SRC has no knowledge of the content of the information on third party websites and therefore assumes no responsibility for the information contained therein. Accordingly, as a visitor to the SRC website, you acknowledge and agree that SRC is not responsible for the availability of such external websites or resources and is not responsible or liable for any content, services, products or other materials available on such websites.<\/p><p>\u00a0<\/p><p>Although a third party website may contain an SRC logo, the content on such website is independent of SRC and that SRC does not control the content on such website. In such cases, you are responsible for protecting yourself from viruses, worms, Trojan horses and other harmful programs and for protecting your information as you deem most appropriate.<\/p>\t\t\t\t\t\t\t\t<\/div>\n\t\t\t\t\t<\/div>\n\t\t\t\t<\/div>\n\t\t<div class=\"elementor-element elementor-element-dd1c11f e-flex e-con-boxed e-con e-parent\" data-id=\"dd1c11f\" data-element_type=\"container\" data-e-type=\"container\">\n\t\t\t\t\t<div class=\"e-con-inner\">\n\t\t\t\t<div class=\"elementor-element elementor-element-073bd91 elementor-widget elementor-widget-heading\" data-id=\"073bd91\" data-element_type=\"widget\" data-e-type=\"widget\" data-widget_type=\"heading.default\">\n\t\t\t\t\t<h2 class=\"elementor-heading-title elementor-size-default\">Privacy protection<\/h2>\t\t\t\t<\/div>\n\t\t\t\t<div class=\"elementor-element elementor-element-7acf731 elementor-widget elementor-widget-text-editor\" data-id=\"7acf731\" data-element_type=\"widget\" data-e-type=\"widget\" data-widget_type=\"text-editor.default\">\n\t\t\t\t\t\t\t\t\t<p>On the website, we collect contact information and some personal data about those visitors who would like to obtain information and contact SRC for this purpose. Visitors assume sole responsibility for the authenticity of personal data and contact information. We use contact information to establish contact with the visitor when necessary or if the visitor so wishes. The user may revoke their consent to the processing of personal data at any time. In such a case, SRC will do everything necessary to immediately fulfill this request.<\/p><p>\u00a0<\/p><p>We will use personal data and contact information only for the purposes for which they were provided, in accordance with your consent. We do not disclose the data to third parties.<\/p><p>\u00a0<\/p><p>Your IP address would be used only and exclusively to identify problems with the server and to edit the website.<\/p><p>\u00a0<\/p><p>For better communication over the Internet, SRC sometimes uses short text files (cookies), which your browser remembers, depending on your settings. This makes it easier for you to navigate through the website. We use this technique to adapt to your way of communicating. Some \u201ccookies\u201d are stored in your computer\u2019s memory by our servers. The use of \u201ccookies\u201d is standard practice on most websites. If you do not agree to their use, you can change your browser settings to disable the acceptance of \u201ccookies\u201d, but this may limit your ability to communicate with the SRC website.<\/p><p>\u00a0<\/p><p>Although a third-party website contains the SRC logo, the content on that site is independent of SRC and that SRC does not control the content on that site. In such cases, you must take steps to protect yourself from viruses, worms, Trojan horses and other harmful programs and to protect your information as you see fit.<\/p>\t\t\t\t\t\t\t\t<\/div>\n\t\t\t\t\t<\/div>\n\t\t\t\t<\/div>\n\t\t\t\t<\/div>\n\t\t","protected":false},"excerpt":{"rendered":"<p>Welcome to the website of SRC sistemske integracije d.o.o. \u00a0 The website was created with the purpose of informing the general public about the company, its products and services. As a visitor to our website, we ask that you comply with the terms and conditions listed below. \u00a0 By viewing or using this website, you [&hellip;]<\/p>\n","protected":false},"author":1,"featured_media":0,"parent":0,"menu_order":0,"comment_status":"closed","ping_status":"closed","template":"elementor_header_footer","meta":{"_acf_changed":false,"iawp_total_views":11,"footnotes":""},"class_list":["post-7819","page","type-page","status-publish","hentry"],"acf":[],"yoast_head":"<!-- This site is optimized with the Yoast SEO plugin v27.4 - https:\/\/yoast.com\/product\/yoast-seo-wordpress\/ -->\n<title>Legal notice - Ra\u010dunalni\u0161ko podjetje SRC<\/title>\n<meta name=\"robots\" content=\"index, follow, max-snippet:-1, max-image-preview:large, max-video-preview:-1\" \/>\n<link rel=\"canonical\" href=\"https:\/\/www.src.si\/sr\/legal\/\" \/>\n<meta property=\"og:locale\" content=\"sr_RS\" \/>\n<meta property=\"og:type\" content=\"article\" \/>\n<meta property=\"og:title\" content=\"Legal notice - Ra\u010dunalni\u0161ko podjetje SRC\" \/>\n<meta property=\"og:description\" content=\"Welcome to the website of SRC sistemske integracije d.o.o. \u00a0 The website was created with the purpose of informing the general public about the company, its products and services. As a visitor to our website, we ask that you comply with the terms and conditions listed below. \u00a0 By viewing or using this website, you [&hellip;]\" \/>\n<meta property=\"og:url\" content=\"https:\/\/www.src.si\/sr\/legal\/\" \/>\n<meta property=\"og:site_name\" content=\"Ra\u010dunalni\u0161ko podjetje SRC\" \/>\n<meta property=\"article:publisher\" content=\"https:\/\/www.facebook.com\/srcsi\" \/>\n<meta property=\"og:image\" content=\"https:\/\/www.src.si\/wp-content\/uploads\/2024\/02\/SRClogoLightBlue.png\" \/>\n\t<meta property=\"og:image:width\" content=\"1000\" \/>\n\t<meta property=\"og:image:height\" content=\"519\" \/>\n\t<meta property=\"og:image:type\" content=\"image\/png\" \/>\n<meta name=\"twitter:card\" content=\"summary_large_image\" \/>\n<meta name=\"twitter:label1\" content=\"\u041f\u0440\u043e\u0446\u0435\u045a\u0435\u043d\u043e \u0432\u0440\u0435\u043c\u0435 \u0447\u0438\u0442\u0430\u045a\u0430\" \/>\n\t<meta name=\"twitter:data1\" content=\"4 \u043c\u0438\u043d\u0443\u0442\u0430\" \/>\n<script type=\"application\/ld+json\" class=\"yoast-schema-graph\">{\"@context\":\"https:\\\/\\\/schema.org\",\"@graph\":[{\"@type\":\"WebPage\",\"@id\":\"https:\\\/\\\/www.src.si\\\/sr\\\/legal\\\/\",\"url\":\"https:\\\/\\\/www.src.si\\\/sr\\\/legal\\\/\",\"name\":\"Legal notice - Ra\u010dunalni\u0161ko podjetje SRC\",\"isPartOf\":{\"@id\":\"https:\\\/\\\/www.src.si\\\/sr\\\/#website\"},\"datePublished\":\"2024-09-27T07:23:58+00:00\",\"breadcrumb\":{\"@id\":\"https:\\\/\\\/www.src.si\\\/sr\\\/legal\\\/#breadcrumb\"},\"inLanguage\":\"sr-RS\",\"potentialAction\":[{\"@type\":\"ReadAction\",\"target\":[\"https:\\\/\\\/www.src.si\\\/sr\\\/legal\\\/\"]}]},{\"@type\":\"BreadcrumbList\",\"@id\":\"https:\\\/\\\/www.src.si\\\/sr\\\/legal\\\/#breadcrumb\",\"itemListElement\":[{\"@type\":\"ListItem\",\"position\":1,\"name\":\"Home\",\"item\":\"https:\\\/\\\/www.src.si\\\/sr\\\/\"},{\"@type\":\"ListItem\",\"position\":2,\"name\":\"Legal notice\"}]},{\"@type\":\"WebSite\",\"@id\":\"https:\\\/\\\/www.src.si\\\/sr\\\/#website\",\"url\":\"https:\\\/\\\/www.src.si\\\/sr\\\/\",\"name\":\"Ra\u010dunalni\u0161ko podjetje SRC\",\"description\":\"Digitaliziramo in avtomatiziramo va\u0161e poslovne procese. Povezujemo opremo in sisteme. Razvijamo nove storitve. Dobavimo, vzpostavimo in vzdr\u017eujemo.\",\"publisher\":{\"@id\":\"https:\\\/\\\/www.src.si\\\/sr\\\/#organization\"},\"potentialAction\":[{\"@type\":\"SearchAction\",\"target\":{\"@type\":\"EntryPoint\",\"urlTemplate\":\"https:\\\/\\\/www.src.si\\\/sr\\\/?s={search_term_string}\"},\"query-input\":{\"@type\":\"PropertyValueSpecification\",\"valueRequired\":true,\"valueName\":\"search_term_string\"}}],\"inLanguage\":\"sr-RS\"},{\"@type\":\"Organization\",\"@id\":\"https:\\\/\\\/www.src.si\\\/sr\\\/#organization\",\"name\":\"SRC d.o.o.\",\"alternateName\":\"SRC\",\"url\":\"https:\\\/\\\/www.src.si\\\/sr\\\/\",\"logo\":{\"@type\":\"ImageObject\",\"inLanguage\":\"sr-RS\",\"@id\":\"https:\\\/\\\/www.src.si\\\/sr\\\/#\\\/schema\\\/logo\\\/image\\\/\",\"url\":\"https:\\\/\\\/www.src.si\\\/wp-content\\\/uploads\\\/2024\\\/02\\\/SRClogoLightBlue.png\",\"contentUrl\":\"https:\\\/\\\/www.src.si\\\/wp-content\\\/uploads\\\/2024\\\/02\\\/SRClogoLightBlue.png\",\"width\":1000,\"height\":519,\"caption\":\"SRC d.o.o.\"},\"image\":{\"@id\":\"https:\\\/\\\/www.src.si\\\/sr\\\/#\\\/schema\\\/logo\\\/image\\\/\"},\"sameAs\":[\"https:\\\/\\\/www.facebook.com\\\/srcsi\"]}]}<\/script>\n<!-- \/ Yoast SEO plugin. -->","yoast_head_json":{"title":"Legal notice - Ra\u010dunalni\u0161ko podjetje SRC","robots":{"index":"index","follow":"follow","max-snippet":"max-snippet:-1","max-image-preview":"max-image-preview:large","max-video-preview":"max-video-preview:-1"},"canonical":"https:\/\/www.src.si\/sr\/legal\/","og_locale":"sr_RS","og_type":"article","og_title":"Legal notice - Ra\u010dunalni\u0161ko podjetje SRC","og_description":"Welcome to the website of SRC sistemske integracije d.o.o. \u00a0 The website was created with the purpose of informing the general public about the company, its products and services. As a visitor to our website, we ask that you comply with the terms and conditions listed below. \u00a0 By viewing or using this website, you [&hellip;]","og_url":"https:\/\/www.src.si\/sr\/legal\/","og_site_name":"Ra\u010dunalni\u0161ko podjetje SRC","article_publisher":"https:\/\/www.facebook.com\/srcsi","og_image":[{"width":1000,"height":519,"url":"https:\/\/www.src.si\/wp-content\/uploads\/2024\/02\/SRClogoLightBlue.png","type":"image\/png"}],"twitter_card":"summary_large_image","twitter_misc":{"\u041f\u0440\u043e\u0446\u0435\u045a\u0435\u043d\u043e \u0432\u0440\u0435\u043c\u0435 \u0447\u0438\u0442\u0430\u045a\u0430":"4 \u043c\u0438\u043d\u0443\u0442\u0430"},"schema":{"@context":"https:\/\/schema.org","@graph":[{"@type":"WebPage","@id":"https:\/\/www.src.si\/sr\/legal\/","url":"https:\/\/www.src.si\/sr\/legal\/","name":"Legal notice - Ra\u010dunalni\u0161ko podjetje SRC","isPartOf":{"@id":"https:\/\/www.src.si\/sr\/#website"},"datePublished":"2024-09-27T07:23:58+00:00","breadcrumb":{"@id":"https:\/\/www.src.si\/sr\/legal\/#breadcrumb"},"inLanguage":"sr-RS","potentialAction":[{"@type":"ReadAction","target":["https:\/\/www.src.si\/sr\/legal\/"]}]},{"@type":"BreadcrumbList","@id":"https:\/\/www.src.si\/sr\/legal\/#breadcrumb","itemListElement":[{"@type":"ListItem","position":1,"name":"Home","item":"https:\/\/www.src.si\/sr\/"},{"@type":"ListItem","position":2,"name":"Legal notice"}]},{"@type":"WebSite","@id":"https:\/\/www.src.si\/sr\/#website","url":"https:\/\/www.src.si\/sr\/","name":"Ra\u010dunalni\u0161ko podjetje SRC","description":"Digitaliziramo in avtomatiziramo va\u0161e poslovne procese. Povezujemo opremo in sisteme. Razvijamo nove storitve. Dobavimo, vzpostavimo in vzdr\u017eujemo.","publisher":{"@id":"https:\/\/www.src.si\/sr\/#organization"},"potentialAction":[{"@type":"SearchAction","target":{"@type":"EntryPoint","urlTemplate":"https:\/\/www.src.si\/sr\/?s={search_term_string}"},"query-input":{"@type":"PropertyValueSpecification","valueRequired":true,"valueName":"search_term_string"}}],"inLanguage":"sr-RS"},{"@type":"Organization","@id":"https:\/\/www.src.si\/sr\/#organization","name":"SRC d.o.o.","alternateName":"SRC","url":"https:\/\/www.src.si\/sr\/","logo":{"@type":"ImageObject","inLanguage":"sr-RS","@id":"https:\/\/www.src.si\/sr\/#\/schema\/logo\/image\/","url":"https:\/\/www.src.si\/wp-content\/uploads\/2024\/02\/SRClogoLightBlue.png","contentUrl":"https:\/\/www.src.si\/wp-content\/uploads\/2024\/02\/SRClogoLightBlue.png","width":1000,"height":519,"caption":"SRC d.o.o."},"image":{"@id":"https:\/\/www.src.si\/sr\/#\/schema\/logo\/image\/"},"sameAs":["https:\/\/www.facebook.com\/srcsi"]}]}},"_links":{"self":[{"href":"https:\/\/www.src.si\/sr\/wp-json\/wp\/v2\/pages\/7819","targetHints":{"allow":["GET"]}}],"collection":[{"href":"https:\/\/www.src.si\/sr\/wp-json\/wp\/v2\/pages"}],"about":[{"href":"https:\/\/www.src.si\/sr\/wp-json\/wp\/v2\/types\/page"}],"author":[{"embeddable":true,"href":"https:\/\/www.src.si\/sr\/wp-json\/wp\/v2\/users\/1"}],"replies":[{"embeddable":true,"href":"https:\/\/www.src.si\/sr\/wp-json\/wp\/v2\/comments?post=7819"}],"version-history":[{"count":0,"href":"https:\/\/www.src.si\/sr\/wp-json\/wp\/v2\/pages\/7819\/revisions"}],"wp:attachment":[{"href":"https:\/\/www.src.si\/sr\/wp-json\/wp\/v2\/media?parent=7819"}],"curies":[{"name":"wp","href":"https:\/\/api.w.org\/{rel}","templated":true}]}}